{"id":11,"date":"2014-05-13T14:59:43","date_gmt":"2014-05-13T12:59:43","guid":{"rendered":"http:\/\/www.berndackermann.de\/kunstverein_schwetzingen\/wp\/?page_id=11"},"modified":"2024-12-09T00:21:22","modified_gmt":"2024-12-08T22:21:22","slug":"mitgliedschaft","status":"publish","type":"page","link":"https:\/\/kunstverein-schwetzingen.de\/?page_id=11","title":{"rendered":"Mitgliedschaft \/ Spenden"},"content":{"rendered":"<p><strong><span class=\"head-fett\">Werden Sie Mitglied<\/span><\/strong><\/p>\n<p><span class=\"copy\">Mit einer Mitgliedschaft im Kunstverein Schwetzingen erm\u00f6glichen Sie unsere Arbeit und f\u00f6rdern die zeitgen\u00f6ssische Kunst und ihre K\u00fcnstlerinnen und K\u00fcnstler.<\/span><\/p>\n<p><span class=\"copy\">Sie haben freien Eintritt in alle der 300 bei der AdKV registrierten Kunstvereine und erhalten Rabatte bei unseren Katalogen und Kunstreisen.\u00a0<\/span><\/p>\n<p><span class=\"copy\">Der (steuerlich absetzbare) Beitrag bel\u00e4uft sich auf <\/span><\/p>\n<p><span class=\"copy\">35 \u20ac im Jahr, <\/span><br \/><span class=\"copy\">50 \u20ac f\u00fcr Paare,<br \/>25 \u20ac f\u00fcr professionelle K\u00fcnstler,<br \/>120 \u20ac f\u00fcr Firmen.<\/span><\/p>\n<p>Wir bieten regelm\u00e4\u00dfige pers\u00f6nliche Einladungen zu unseren Ausstellungen und freien Eintritt. Sie werden auch \u00fcber alle weiteren Aktivit\u00e4ten wie zum Beispiel Kunstreisen informiert und erhalten hierbei Erm\u00e4\u00dfigungen.<\/p>\n<p>Kontakt:<br \/>Kunstverein Schwetzingen e. V.<br \/>Ahornweg 13<br \/>68723 Schwetzingen<\/p>\n<p>Spendenkonto: DE 32 6725 0020 0025 0263 06\u00a0 &#8211;\u00a0 BIC: SOLADES 1 HDB &#8211; Sparkasse, Heidelberg<br \/>Spendenbescheinigungen senden wir Ihnen gerne zu.<\/p>\n<p><a href=\"https:\/\/kunstverein-schwetzingen.de\/wp-content\/uploads\/2024\/12\/Beitritt-zum-Kunstverein.pdf\">Beitritt zum <\/a>Kunstverein als PDF<\/p>\n\n\n<p><\/p>\n","protected":false},"excerpt":{"rendered":"<p>Werden Sie Mitglied Mit einer Mitgliedschaft im Kunstverein Schwetzingen erm\u00f6glichen Sie unsere Arbeit und f\u00f6rdern die zeitgen\u00f6ssische Kunst und ihre K\u00fcnstlerinnen und K\u00fcnstler. Sie haben freien Eintritt in alle der 300 bei der AdKV registrierten Kunstvereine und erhalten Rabatte bei unseren Katalogen und Kunstreisen.\u00a0 Der (steuerlich absetzbare) Beitrag bel\u00e4uft sich auf 35 \u20ac im Jahr, [&hellip;]<\/p>\n","protected":false},"author":2,"featured_media":0,"parent":125,"menu_order":1,"comment_status":"closed","ping_status":"closed","template":"","meta":{"footnotes":""},"class_list":["post-11","page","type-page","status-publish","hentry"],"_links":{"self":[{"href":"https:\/\/kunstverein-schwetzingen.de\/index.php?rest_route=\/wp\/v2\/pages\/11","targetHints":{"allow":["GET"]}}],"collection":[{"href":"https:\/\/kunstverein-schwetzingen.de\/index.php?rest_route=\/wp\/v2\/pages"}],"about":[{"href":"https:\/\/kunstverein-schwetzingen.de\/index.php?rest_route=\/wp\/v2\/types\/page"}],"author":[{"embeddable":true,"href":"https:\/\/kunstverein-schwetzingen.de\/index.php?rest_route=\/wp\/v2\/users\/2"}],"replies":[{"embeddable":true,"href":"https:\/\/kunstverein-schwetzingen.de\/index.php?rest_route=%2Fwp%2Fv2%2Fcomments&post=11"}],"version-history":[{"count":19,"href":"https:\/\/kunstverein-schwetzingen.de\/index.php?rest_route=\/wp\/v2\/pages\/11\/revisions"}],"predecessor-version":[{"id":3130,"href":"https:\/\/kunstverein-schwetzingen.de\/index.php?rest_route=\/wp\/v2\/pages\/11\/revisions\/3130"}],"up":[{"embeddable":true,"href":"https:\/\/kunstverein-schwetzingen.de\/index.php?rest_route=\/wp\/v2\/pages\/125"}],"wp:attachment":[{"href":"https:\/\/kunstverein-schwetzingen.de\/index.php?rest_route=%2Fwp%2Fv2%2Fmedia&parent=11"}],"curies":[{"name":"wp","href":"https:\/\/api.w.org\/{rel}","templated":true}]}}