{"id":9,"date":"2014-05-13T14:58:51","date_gmt":"2014-05-13T12:58:51","guid":{"rendered":"http:\/\/www.berndackermann.de\/kunstverein_schwetzingen\/wp\/?page_id=9"},"modified":"2024-08-15T17:01:53","modified_gmt":"2024-08-15T15:01:53","slug":"ausschreibungen","status":"publish","type":"page","link":"https:\/\/kunstverein-schwetzingen.de\/?page_id=9","title":{"rendered":"Datenschutz"},"content":{"rendered":"<p><strong>Datenschutzerkl\u00e4rung<\/strong><\/p>\n<p>Der Kunstverein Schwetzingen e.V. erhebt, verarbeitet und nutzt von seinen Mitgliedern folgende personenbezogene Daten: Name, Anschrift, E-mail Adressen, Bankverbindung sowie vereinsbezogene Daten f\u00fcr die Einordnung der Mitgliedschaft (Einzelpersonen, Paare, K\u00fcnstler, Firmen) und sonstige vereinsbezogenen Daten (z. B. Datum Eintritt\/Austritt, Teilnehmer an Kunstreisen). Diese Daten werden mit Hilfe eines Datenverarbeitung Systems EDV f\u00fcr die Dauer der Vereinsmitgliedschaft gespeichert und zur Verwaltung und Betreuung der Mitglieder sowie f\u00fcr vereinsbezogene Aktionen und Veranstaltungen genutzt. Der Newsletter \u00fcber Vernissagen und Veranstaltungen des Kunstverein Schwetzingen e.V. wird nur an Interessenten geschickt, die eine ausdr\u00fcckliche pers\u00f6nliche Zustimmung dazu erteilt haben. Eine anderweitige Verwendung Ihrer Daten findet nicht statt. Eine erkl\u00e4rte Einwilligung zur o. g. vereinsbezogenen Verwendung der genannten Daten kann jederzeit schriftlich gegen\u00fcber dem Kunstverein Schwetzingen e.V. widerrufen werden.<\/p>\n<p>Ihre Rechte: hinsichtlich der Sie betreffenden personenbezogenen Daten: Recht auf Auskunft \u2013 Recht auf Berichtigung oder L\u00f6schung \u2013 Recht auf Einschr\u00e4nkung der Verarbeitung \u2013 Recht auf Widerspruch gegen die Verarbeitung \u2013 Recht auf Daten\u00fcbertragbarkeit.<\/p>\n<p>Kunstverein Schwetzingen e.V. &#8211; Ahornweg 13 &#8211; 68723 Schwetzingen<\/p>\n<p><a href=\"mailto:info@kunstverein-schwetzingen.de\"><span style=\"color: #ce0c0c;\">info@kunstverein-schwetzingen.de<\/span><\/a><\/p>\n<p>Registergericht:\u00a0Amtsgericht Schwetzingen\u00a0\u00a0\u00a0\u00a0\u00a0\u00a0\u00a0\u00a0\u00a0\u00a0\u00a0\u00a0\u00a0\u00a0\u00a0\u00a0\u00a0\u00a0\u00a0\u00a0\u00a0\u00a0\u00a0\u00a0\u00a0\u00a0\u00a0\u00a0\u00a0\u00a0\u00a0\u00a0\u00a0\u00a0\u00a0\u00a0\u00a0\u00a0\u00a0\u00a0\u00a0\u00a0\u00a0\u00a0\u00a0\u00a0\u00a0\u00a0\u00a0\u00a0\u00a0\u00a0\u00a0\u00a0\u00a0\u00a0\u00a0\u00a0\u00a0\u00a0\u00a0\u00a0\u00a0\u00a0\u00a0\u00a0\u00a0\u00a0\u00a0\u00a0\u00a0\u00a0\u00a0\u00a0\u00a0\u00a0\u00a0\u00a0\u00a0\u00a0\u00a0\u00a0\u00a0\u00a0\u00a0\u00a0\u00a0\u00a0\u00a0\u00a0\u00a0\u00a0\u00a0\u00a0\u00a0\u00a0\u00a0\u00a0\u00a0\u00a0\u00a0\u00a0\u00a0\u00a0\u00a0\u00a0\u00a0\u00a0\u00a0\u00a0\u00a0\u00a0\u00a0\u00a0\u00a0\u00a0\u00a0\u00a0\u00a0\u00a0\u00a0\u00a0\u00a0\u00a0\u00a0\u00a0\u00a0\u00a0\u00a0\u00a0\u00a0\u00a0\u00a0\u00a0\u00a0\u00a0\u00a0\u00a0\u00a0\u00a0\u00a0\u00a0\u00a0\u00a0\u00a0\u00a0\u00a0\u00a0\u00a0\u00a0\u00a0\u00a0\u00a0\u00a0\u00a0\u00a0\u00a0\u00a0\u00a0\u00a0\u00a0\u00a0\u00a0\u00a0\u00a0\u00a0\u00a0\u00a0\u00a0\u00a0\u00a0\u00a0\u00a0\u00a0\u00a0\u00a0\u00a0\u00a0\u00a0\u00a0\u00a0\u00a0\u00a0\u00a0\u00a0\u00a0\u00a0\u00a0\u00a0\u00a0\u00a0\u00a0\u00a0\u00a0\u00a0\u00a0\u00a0\u00a0\u00a0\u00a0\u00a0\u00a0\u00a0\u00a0\u00a0\u00a0\u00a0\u00a0\u00a0\u00a0\u00a0\u00a0\u00a0\u00a0\u00a0\u00a0\u00a0\u00a0\u00a0\u00a0\u00a0\u00a0\u00a0\u00a0\u00a0\u00a0\u00a0\u00a0\u00a0\u00a0\u00a0\u00a0\u00a0\u00a0\u00a0\u00a0\u00a0\u00a0\u00a0\u00a0\u00a0\u00a0\u00a0\u00a0\u00a0\u00a0\u00a0\u00a0\u00a0\u00a0\u00a0\u00a0\u00a0\u00a0\u00a0\u00a0\u00a0\u00a0\u00a0\u00a0\u00a0\u00a0\u00a0\u00a0\u00a0\u00a0 Vereinsregister: 175<\/p>\n<p>Erster Vorsitzender: Erik Schnatterer<br \/>\nZweiter Vorsitzender: Bernd Junker<br \/>\nSchatzmeisterin: Inge Melkus<br \/>\nSchriftf\u00fchrerin: Patricia Hempel<br \/>\nK\u00fcnstlerische Leitung: Dr. Dietmar Schuth (V.i.S.d.P.)<\/p>\n<p>Dr. Dietmar Schuth: <a href=\"mailto:dschuth@t-online.de\"><span style=\"color: #ce0c0c;\">dschuth@t-online.de<\/span><\/a><br \/>\nTel: 06221 \u2013 160385 <a href=\"http:\/\/www.dietmarschuth.de\/\" target=\"_blank\" rel=\"noopener noreferrer\"><span style=\"color: #ce0c0c;\">www.dietmarschuth.de<\/span><\/a><\/p>\n<p>Der Verein wird durch zwei Vorstandsmitglieder gerichtlich und au\u00dfergerichtlich vertreten. Soweit der 1. Vorsitzende an der Wahrnehmung seiner Aufgaben verhindert ist, wird er durch den 2. Vorsitzenden vertreten. \u00a712 und \u00a713 der Satzung.\u201c<\/p>\n<p>Merkblatt zum Datenschutz zum Download:<\/p>\n<p><a href=\"https:\/\/kunstverein-schwetzingen.de\/wp-content\/uploads\/2014\/05\/DSGVO_Merkblatt.pdf\">DSGVO_Merkblatt<\/a><\/p>\n","protected":false},"excerpt":{"rendered":"<p>Datenschutzerkl\u00e4rung Der Kunstverein Schwetzingen e.V. erhebt, verarbeitet und nutzt von seinen Mitgliedern folgende personenbezogene Daten: Name, Anschrift, E-mail Adressen, Bankverbindung sowie vereinsbezogene Daten f\u00fcr die Einordnung der Mitgliedschaft (Einzelpersonen, Paare, K\u00fcnstler, Firmen) und sonstige vereinsbezogenen Daten (z. B. Datum Eintritt\/Austritt, Teilnehmer an Kunstreisen). Diese Daten werden mit Hilfe eines Datenverarbeitung Systems EDV f\u00fcr die Dauer [&hellip;]<\/p>\n","protected":false},"author":2,"featured_media":0,"parent":125,"menu_order":2,"comment_status":"closed","ping_status":"closed","template":"","meta":{"footnotes":""},"class_list":["post-9","page","type-page","status-publish","hentry"],"_links":{"self":[{"href":"https:\/\/kunstverein-schwetzingen.de\/index.php?rest_route=\/wp\/v2\/pages\/9","targetHints":{"allow":["GET"]}}],"collection":[{"href":"https:\/\/kunstverein-schwetzingen.de\/index.php?rest_route=\/wp\/v2\/pages"}],"about":[{"href":"https:\/\/kunstverein-schwetzingen.de\/index.php?rest_route=\/wp\/v2\/types\/page"}],"author":[{"embeddable":true,"href":"https:\/\/kunstverein-schwetzingen.de\/index.php?rest_route=\/wp\/v2\/users\/2"}],"replies":[{"embeddable":true,"href":"https:\/\/kunstverein-schwetzingen.de\/index.php?rest_route=%2Fwp%2Fv2%2Fcomments&post=9"}],"version-history":[{"count":33,"href":"https:\/\/kunstverein-schwetzingen.de\/index.php?rest_route=\/wp\/v2\/pages\/9\/revisions"}],"predecessor-version":[{"id":3038,"href":"https:\/\/kunstverein-schwetzingen.de\/index.php?rest_route=\/wp\/v2\/pages\/9\/revisions\/3038"}],"up":[{"embeddable":true,"href":"https:\/\/kunstverein-schwetzingen.de\/index.php?rest_route=\/wp\/v2\/pages\/125"}],"wp:attachment":[{"href":"https:\/\/kunstverein-schwetzingen.de\/index.php?rest_route=%2Fwp%2Fv2%2Fmedia&parent=9"}],"curies":[{"name":"wp","href":"https:\/\/api.w.org\/{rel}","templated":true}]}}